{"id":18913,"date":"2024-09-05T14:10:13","date_gmt":"2024-09-05T12:10:13","guid":{"rendered":"https:\/\/eolsailingbarcelona.com\/accessibility-statement\/"},"modified":"2024-09-06T11:02:30","modified_gmt":"2024-09-06T09:02:30","slug":"declaracion-de-accesibilidad","status":"publish","type":"page","link":"https:\/\/eolsailingbarcelona.com\/es\/declaracion-de-accesibilidad\/","title":{"rendered":"Declaraci\u00f3n de Accesibilidad"},"content":{"rendered":"\t\t<div data-elementor-type=\"wp-page\" data-elementor-id=\"18913\" class=\"elementor elementor-18913\">\n\t\t\t\t\t\t<section class=\"elementor-section elementor-top-section elementor-element elementor-element-6270b612 elementor-section-boxed elementor-section-height-default elementor-section-height-default sc_fly_static\" data-id=\"6270b612\" data-element_type=\"section\" data-settings=\"{&quot;background_background&quot;:&quot;classic&quot;}\">\n\t\t\t\t\t\t<div class=\"elementor-container elementor-column-gap-extended\">\n\t\t\t\t\t<div class=\"elementor-column elementor-col-100 elementor-top-column elementor-element elementor-element-69230226 sc_inner_width_none sc_content_align_inherit sc_layouts_column_icons_position_left sc_fly_static\" data-id=\"69230226\" data-element_type=\"column\">\n\t\t\t<div class=\"elementor-widget-wrap elementor-element-populated\">\n\t\t\t\t\t\t<div class=\"elementor-element elementor-element-b0a055b sc_fly_static elementor-widget elementor-widget-text-editor\" data-id=\"b0a055b\" data-element_type=\"widget\" data-widget_type=\"text-editor.default\">\n\t\t\t\t<div class=\"elementor-widget-container\">\n\t\t\t\t\t\t\t<p>EOL Sailing se compromete a hacer que su sitio web sea accesible de acuerdo con el Real Decreto 1112\/2018, sobre la accesibilidad de los sitios web y aplicaciones m\u00f3viles del sector p\u00fablico. <br \/>Esta declaraci\u00f3n de accesibilidad se aplica al sitio web botaniajewelry.com.<\/p><p><strong>Estado de cumplimento<\/strong><\/p><p>Este sitio web es parcialmente conforme con el RD 1112\/2018 debido a las no conformidades que se indican a continuaci\u00f3n.<\/p><ul><li>No conformidades con el RD 1112\/2018<\/li><li>Las im\u00e1genes pueden carecer de texto explicativo que las acompa\u00f1e.<\/li><li>Puede haber una estructura incorrecta en el anidado de las etiquetas HTML.<\/li><\/ul><p><strong>Carga desproporcionada<\/strong><\/p><p>No aplicable.<\/p><p><strong>Contenido que no entra dentro del \u00e1mbito de la legislaci\u00f3n aplicable <\/strong><\/p><ul><li>Es posible que existan archivos de oficina en formato PDF u otros formatos, publicados despu\u00e9s del 8 de julio de 2024, que no cumplan completamente con todos los requisitos de accesibilidad. A la fecha de esta declaraci\u00f3n, no hay dichos archivos presentes en el sitio web.<\/li><li>Preparaci\u00f3n de la pr\u00f3xima declaraci\u00f3n de accesibilidad <br \/>Esta declaraci\u00f3n fue preparada el 8 de julio de 2024.<\/li><li>El m\u00e9todo utilizado para preparar la declaraci\u00f3n fue una autoevaluaci\u00f3n realizada por el equipo de accesibilidad. <br \/>\u00daltima revisi\u00f3n de la declaraci\u00f3n: 8 de julio de 2024.<\/li><\/ul><p><strong>Comentarios e informaci\u00f3n de contacto<\/strong><\/p><ul><li>Puede comunicar requisitos de accesibilidad (Art\u00edculo 10.2.a del RD 1112\/2018), tales como: <br \/>Informar sobre cualquier posible incumplimiento por parte de este sitio web.<\/li><li>Informar sobre otras dificultades para acceder al contenido.<\/li><li>Hacer cualquier otra consulta o sugerencia de mejora relacionada con la accesibilidad del sitio web.<\/li><\/ul><p>A trav\u00e9s de nuestro buz\u00f3n de sugerencias:\u00a0 info@eolsailingbarcelona.com<br \/>Las comunicaciones ser\u00e1n recibidas y procesadas por el equipo de accesibilidad.<\/p><p><strong>Contenido opcional<\/strong><\/p><p>Entre otras medidas, se ha implementado el plugin\u00a0 One Click Accessibility, que proporciona las siguientes utilidades para facilitar la accesibilidad:<\/p><ul><li>Aumentar texto: Proporciona una opci\u00f3n para que los usuarios aumenten el tama\u00f1o del texto y as\u00ed mejoren su legibilidad.<\/li><li>Disminuir texto: Ofrece la posibilidad de reducir el tama\u00f1o del texto para los usuarios que prefieran un tama\u00f1o menor.<\/li><li>Escala de grises: Permite a los usuarios cambiar el esquema de colores del sitio web a escala de grises, lo que puede facilitar la lectura para algunas personas con discapacidades visuales.<\/li><li>Alto contraste: Ofrece una opci\u00f3n para aumentar el contraste entre el texto y el fondo, mejorando la legibilidad para personas con dificultades visuales.<\/li><li>Contraste negativo: Permite a los usuarios invertir los colores de fondo y texto, es decir, texto claro sobre fondo oscuro, lo que puede ser \u00fatil para personas con sensibilidad a la luz o visi\u00f3n reducida.<\/li><li>Fondo claro: Proporciona una opci\u00f3n para cambiar el color de fondo a uno claro, que puede ser preferible para algunos usuarios con dificultades visuales.<\/li><li>Subrayar enlaces: Subraya los enlaces para hacerlos m\u00e1s f\u00e1cilmente distinguibles del texto normal, ayudando a los usuarios con discapacidades visuales o dificultades de percepci\u00f3n.<\/li><li>Fuente legible: Utiliza fuentes claras y legibles, preferentemente de tama\u00f1o adecuado, para facilitar la lectura de todo el contenido.<\/li><\/ul>\t\t\t\t\t\t<\/div>\n\t\t\t\t<\/div>\n\t\t\t\t\t<\/div>\n\t\t<\/div>\n\t\t\t\t\t<\/div>\n\t\t<\/section>\n\t\t\t\t<\/div>\n\t\t","protected":false},"excerpt":{"rendered":"<p>EOL Sailing se compromete a hacer que su sitio web sea accesible de acuerdo con el Real Decreto 1112\/2018, sobre la accesibilidad de los sitios web y aplicaciones m\u00f3viles del&hellip;<\/p>\n","protected":false},"author":1,"featured_media":0,"parent":0,"menu_order":0,"comment_status":"closed","ping_status":"closed","template":"","meta":{"footnotes":""},"class_list":["post-18913","page","type-page","status-publish","hentry"],"yoast_head":"<!-- This site is optimized with the Yoast SEO plugin v27.3 - https:\/\/yoast.com\/product\/yoast-seo-wordpress\/ -->\n<title>Declaraci\u00f3n de Accesibilidad - Eol Sailing Barcelona<\/title>\n<meta name=\"robots\" content=\"index, follow, max-snippet:-1, max-image-preview:large, max-video-preview:-1\" \/>\n<link rel=\"canonical\" href=\"https:\/\/eolsailingbarcelona.com\/es\/declaracion-de-accesibilidad\/\" \/>\n<meta property=\"og:locale\" content=\"es_ES\" \/>\n<meta property=\"og:type\" content=\"article\" \/>\n<meta property=\"og:title\" content=\"Declaraci\u00f3n de Accesibilidad - Eol Sailing Barcelona\" \/>\n<meta property=\"og:description\" content=\"EOL Sailing se compromete a hacer que su sitio web sea accesible de acuerdo con el Real Decreto 1112\/2018, sobre la accesibilidad de los sitios web y aplicaciones m\u00f3viles del&hellip;\" \/>\n<meta property=\"og:url\" content=\"https:\/\/eolsailingbarcelona.com\/es\/declaracion-de-accesibilidad\/\" \/>\n<meta property=\"og:site_name\" content=\"Eol Sailing Barcelona\" \/>\n<meta property=\"article:modified_time\" content=\"2024-09-06T09:02:30+00:00\" \/>\n<meta name=\"twitter:card\" content=\"summary_large_image\" \/>\n<meta name=\"twitter:label1\" content=\"Tiempo de lectura\" \/>\n\t<meta name=\"twitter:data1\" content=\"3 minutos\" \/>\n<script type=\"application\/ld+json\" class=\"yoast-schema-graph\">{\"@context\":\"https:\\\/\\\/schema.org\",\"@graph\":[{\"@type\":\"WebPage\",\"@id\":\"https:\\\/\\\/eolsailingbarcelona.com\\\/es\\\/declaracion-de-accesibilidad\\\/\",\"url\":\"https:\\\/\\\/eolsailingbarcelona.com\\\/es\\\/declaracion-de-accesibilidad\\\/\",\"name\":\"Declaraci\u00f3n de Accesibilidad - Eol Sailing Barcelona\",\"isPartOf\":{\"@id\":\"https:\\\/\\\/eolsailingbarcelona.com\\\/#website\"},\"datePublished\":\"2024-09-05T12:10:13+00:00\",\"dateModified\":\"2024-09-06T09:02:30+00:00\",\"breadcrumb\":{\"@id\":\"https:\\\/\\\/eolsailingbarcelona.com\\\/es\\\/declaracion-de-accesibilidad\\\/#breadcrumb\"},\"inLanguage\":\"es\",\"potentialAction\":[{\"@type\":\"ReadAction\",\"target\":[\"https:\\\/\\\/eolsailingbarcelona.com\\\/es\\\/declaracion-de-accesibilidad\\\/\"]}]},{\"@type\":\"BreadcrumbList\",\"@id\":\"https:\\\/\\\/eolsailingbarcelona.com\\\/es\\\/declaracion-de-accesibilidad\\\/#breadcrumb\",\"itemListElement\":[{\"@type\":\"ListItem\",\"position\":1,\"name\":\"Portada\",\"item\":\"https:\\\/\\\/eolsailingbarcelona.com\\\/es\\\/\"},{\"@type\":\"ListItem\",\"position\":2,\"name\":\"Declaraci\u00f3n de Accesibilidad\"}]},{\"@type\":\"WebSite\",\"@id\":\"https:\\\/\\\/eolsailingbarcelona.com\\\/#website\",\"url\":\"https:\\\/\\\/eolsailingbarcelona.com\\\/\",\"name\":\"Eol Sailing Barcelona\",\"description\":\"Professional sailing courses and private boating experiences with sailing instructors in Barcelona\",\"publisher\":{\"@id\":\"https:\\\/\\\/eolsailingbarcelona.com\\\/#organization\"},\"potentialAction\":[{\"@type\":\"SearchAction\",\"target\":{\"@type\":\"EntryPoint\",\"urlTemplate\":\"https:\\\/\\\/eolsailingbarcelona.com\\\/?s={search_term_string}\"},\"query-input\":{\"@type\":\"PropertyValueSpecification\",\"valueRequired\":true,\"valueName\":\"search_term_string\"}}],\"inLanguage\":\"es\"},{\"@type\":\"Organization\",\"@id\":\"https:\\\/\\\/eolsailingbarcelona.com\\\/#organization\",\"name\":\"Eol Sailing Barcelona\",\"url\":\"https:\\\/\\\/eolsailingbarcelona.com\\\/\",\"logo\":{\"@type\":\"ImageObject\",\"inLanguage\":\"es\",\"@id\":\"https:\\\/\\\/eolsailingbarcelona.com\\\/#\\\/schema\\\/logo\\\/image\\\/\",\"url\":\"https:\\\/\\\/eolsailingbarcelona.com\\\/wp-content\\\/uploads\\\/2021\\\/05\\\/RIccardo-EOL-Sailing-03.png\",\"contentUrl\":\"https:\\\/\\\/eolsailingbarcelona.com\\\/wp-content\\\/uploads\\\/2021\\\/05\\\/RIccardo-EOL-Sailing-03.png\",\"width\":2084,\"height\":625,\"caption\":\"Eol Sailing Barcelona\"},\"image\":{\"@id\":\"https:\\\/\\\/eolsailingbarcelona.com\\\/#\\\/schema\\\/logo\\\/image\\\/\"}}]}<\/script>\n<!-- \/ Yoast SEO plugin. -->","yoast_head_json":{"title":"Declaraci\u00f3n de Accesibilidad - Eol Sailing Barcelona","robots":{"index":"index","follow":"follow","max-snippet":"max-snippet:-1","max-image-preview":"max-image-preview:large","max-video-preview":"max-video-preview:-1"},"canonical":"https:\/\/eolsailingbarcelona.com\/es\/declaracion-de-accesibilidad\/","og_locale":"es_ES","og_type":"article","og_title":"Declaraci\u00f3n de Accesibilidad - Eol Sailing Barcelona","og_description":"EOL Sailing se compromete a hacer que su sitio web sea accesible de acuerdo con el Real Decreto 1112\/2018, sobre la accesibilidad de los sitios web y aplicaciones m\u00f3viles del&hellip;","og_url":"https:\/\/eolsailingbarcelona.com\/es\/declaracion-de-accesibilidad\/","og_site_name":"Eol Sailing Barcelona","article_modified_time":"2024-09-06T09:02:30+00:00","twitter_card":"summary_large_image","twitter_misc":{"Tiempo de lectura":"3 minutos"},"schema":{"@context":"https:\/\/schema.org","@graph":[{"@type":"WebPage","@id":"https:\/\/eolsailingbarcelona.com\/es\/declaracion-de-accesibilidad\/","url":"https:\/\/eolsailingbarcelona.com\/es\/declaracion-de-accesibilidad\/","name":"Declaraci\u00f3n de Accesibilidad - Eol Sailing Barcelona","isPartOf":{"@id":"https:\/\/eolsailingbarcelona.com\/#website"},"datePublished":"2024-09-05T12:10:13+00:00","dateModified":"2024-09-06T09:02:30+00:00","breadcrumb":{"@id":"https:\/\/eolsailingbarcelona.com\/es\/declaracion-de-accesibilidad\/#breadcrumb"},"inLanguage":"es","potentialAction":[{"@type":"ReadAction","target":["https:\/\/eolsailingbarcelona.com\/es\/declaracion-de-accesibilidad\/"]}]},{"@type":"BreadcrumbList","@id":"https:\/\/eolsailingbarcelona.com\/es\/declaracion-de-accesibilidad\/#breadcrumb","itemListElement":[{"@type":"ListItem","position":1,"name":"Portada","item":"https:\/\/eolsailingbarcelona.com\/es\/"},{"@type":"ListItem","position":2,"name":"Declaraci\u00f3n de Accesibilidad"}]},{"@type":"WebSite","@id":"https:\/\/eolsailingbarcelona.com\/#website","url":"https:\/\/eolsailingbarcelona.com\/","name":"Eol Sailing Barcelona","description":"Professional sailing courses and private boating experiences with sailing instructors in Barcelona","publisher":{"@id":"https:\/\/eolsailingbarcelona.com\/#organization"},"potentialAction":[{"@type":"SearchAction","target":{"@type":"EntryPoint","urlTemplate":"https:\/\/eolsailingbarcelona.com\/?s={search_term_string}"},"query-input":{"@type":"PropertyValueSpecification","valueRequired":true,"valueName":"search_term_string"}}],"inLanguage":"es"},{"@type":"Organization","@id":"https:\/\/eolsailingbarcelona.com\/#organization","name":"Eol Sailing Barcelona","url":"https:\/\/eolsailingbarcelona.com\/","logo":{"@type":"ImageObject","inLanguage":"es","@id":"https:\/\/eolsailingbarcelona.com\/#\/schema\/logo\/image\/","url":"https:\/\/eolsailingbarcelona.com\/wp-content\/uploads\/2021\/05\/RIccardo-EOL-Sailing-03.png","contentUrl":"https:\/\/eolsailingbarcelona.com\/wp-content\/uploads\/2021\/05\/RIccardo-EOL-Sailing-03.png","width":2084,"height":625,"caption":"Eol Sailing Barcelona"},"image":{"@id":"https:\/\/eolsailingbarcelona.com\/#\/schema\/logo\/image\/"}}]}},"_links":{"self":[{"href":"https:\/\/eolsailingbarcelona.com\/es\/wp-json\/wp\/v2\/pages\/18913","targetHints":{"allow":["GET"]}}],"collection":[{"href":"https:\/\/eolsailingbarcelona.com\/es\/wp-json\/wp\/v2\/pages"}],"about":[{"href":"https:\/\/eolsailingbarcelona.com\/es\/wp-json\/wp\/v2\/types\/page"}],"author":[{"embeddable":true,"href":"https:\/\/eolsailingbarcelona.com\/es\/wp-json\/wp\/v2\/users\/1"}],"replies":[{"embeddable":true,"href":"https:\/\/eolsailingbarcelona.com\/es\/wp-json\/wp\/v2\/comments?post=18913"}],"version-history":[{"count":4,"href":"https:\/\/eolsailingbarcelona.com\/es\/wp-json\/wp\/v2\/pages\/18913\/revisions"}],"predecessor-version":[{"id":18918,"href":"https:\/\/eolsailingbarcelona.com\/es\/wp-json\/wp\/v2\/pages\/18913\/revisions\/18918"}],"wp:attachment":[{"href":"https:\/\/eolsailingbarcelona.com\/es\/wp-json\/wp\/v2\/media?parent=18913"}],"curies":[{"name":"wp","href":"https:\/\/api.w.org\/{rel}","templated":true}]}}