{"id":18943,"date":"2024-07-05T18:44:30","date_gmt":"2024-07-05T16:44:30","guid":{"rendered":"https:\/\/eolsailingbarcelona.com\/cookie-policy\/"},"modified":"2024-09-09T11:59:51","modified_gmt":"2024-09-09T09:59:51","slug":"politica-de-cookies","status":"publish","type":"page","link":"https:\/\/eolsailingbarcelona.com\/es\/politica-de-cookies\/","title":{"rendered":"Pol\u00edtica de cookies"},"content":{"rendered":"\t\t<div data-elementor-type=\"wp-page\" data-elementor-id=\"18943\" class=\"elementor elementor-18943\">\n\t\t\t\t\t\t<section class=\"elementor-section elementor-top-section elementor-element elementor-element-6270b612 elementor-section-boxed elementor-section-height-default elementor-section-height-default sc_fly_static\" data-id=\"6270b612\" data-element_type=\"section\" data-settings=\"{&quot;background_background&quot;:&quot;classic&quot;}\">\n\t\t\t\t\t\t<div class=\"elementor-container elementor-column-gap-extended\">\n\t\t\t\t\t<div class=\"elementor-column elementor-col-100 elementor-top-column elementor-element elementor-element-69230226 sc_inner_width_none sc_content_align_inherit sc_layouts_column_icons_position_left sc_fly_static\" data-id=\"69230226\" data-element_type=\"column\">\n\t\t\t<div class=\"elementor-widget-wrap elementor-element-populated\">\n\t\t\t\t\t\t<div class=\"elementor-element elementor-element-b0a055b sc_fly_static elementor-widget elementor-widget-text-editor\" data-id=\"b0a055b\" data-element_type=\"widget\" data-widget_type=\"text-editor.default\">\n\t\t\t\t<div class=\"elementor-widget-container\">\n\t\t\t\t\t\t\t<p>Este sitio web utiliza cookies. Las cookies son archivos enviados a un navegador a trav\u00e9s de un servidor web para registrar las actividades del usuario en un sitio web espec\u00edfico. El prop\u00f3sito principal de las cookies es proporcionar al usuario un acceso m\u00e1s r\u00e1pido a los servicios seleccionados. Adem\u00e1s, las cookies personalizan los servicios ofrecidos por el sitio web, facilitando el acceso a la informaci\u00f3n que pueda ser de inter\u00e9s para cada usuario, en funci\u00f3n de su uso de los servicios.<\/p><p>Este sitio web utiliza cookies para personalizar y facilitar la navegaci\u00f3n del usuario al m\u00e1ximo. Las cookies se asocian \u00fanicamente con un usuario an\u00f3nimo y su computadora, sin proporcionar referencias que permitan deducir los datos personales del usuario. Los usuarios pueden configurar su navegador para notificar y rechazar la instalaci\u00f3n de cookies enviadas por el sitio web de Botania Jewelry, sin afectar la capacidad del usuario para acceder al contenido del sitio web. Sin embargo, tenga en cuenta que, en cualquier caso, la calidad de funcionamiento del sitio web puede disminuir.<\/p><p>Los usuarios registrados, aquellos que se registren o que hayan iniciado sesi\u00f3n, pueden beneficiarse de servicios m\u00e1s personalizados adaptados a su perfil, gracias a la combinaci\u00f3n de los datos almacenados en cookies con los datos personales utilizados en el momento del registro. Dichos usuarios autorizan expresamente el uso de esta informaci\u00f3n para el prop\u00f3sito indicado, sin perjuicio de su derecho a rechazar o desactivar el uso de cookies.<\/p><p><strong>Tipos, Prop\u00f3sito y Funcionamiento de las Cookies<\/strong><\/p><p>Las cookies, seg\u00fan su duraci\u00f3n, se pueden dividir en \u00abCookies de Sesi\u00f3n\u00bb o \u00abCookies Persistentes\u00bb. Las primeras expiran cuando el usuario cierra el navegador. Las segundas expiran en funci\u00f3n de cuando cumplen su prop\u00f3sito (por ejemplo, para mantener al usuario identificado en los Servicios) o cuando se eliminan manualmente.<\/p><p>Adem\u00e1s, seg\u00fan su prop\u00f3sito, las cookies se pueden clasificar de la siguiente manera:<\/p><p><strong>Cookies de Rendimiento:<\/strong> Este tipo de cookie recuerda tus preferencias para las herramientas encontradas en los servicios, de manera que no tengas que reconfigurar el servicio cada vez que lo visites. Por ejemplo, esta tipolog\u00eda incluye:<\/p><ul><li>Configuraci\u00f3n del volumen para reproductores de video o sonido.<\/li><li>Velocidades de transmisi\u00f3n de video compatibles con tu navegador.<\/li><\/ul><p><strong>Cookies de Geolocalizaci\u00f3n:<\/strong> Estas cookies se utilizan para determinar el pa\u00eds en el que te encuentras cuando se solicita un servicio. Esta cookie es completamente an\u00f3nima y se usa \u00fanicamente para ayudar a adaptar el contenido a tu ubicaci\u00f3n.<\/p><p><strong>Cookies de Inicio de Sesi\u00f3n:<\/strong> Las cookies de inicio de sesi\u00f3n se generan una vez que el usuario se ha registrado o ha iniciado sesi\u00f3n posteriormente, y se utilizan para identificar al usuario en los servicios con los siguientes prop\u00f3sitos:<\/p><ul><li>Mantener al usuario identificado para que, si cierra un servicio, el navegador o la computadora y luego vuelve a ingresar al servicio otro d\u00eda, siga estando identificado, facilitando la navegaci\u00f3n sin tener que iniciar sesi\u00f3n de nuevo. Esta funcionalidad puede suprimirse si el usuario hace clic en la opci\u00f3n de \u00abcerrar sesi\u00f3n\u00bb, por lo que esta cookie se elimina y la pr\u00f3xima vez que el usuario ingrese al servicio, tendr\u00e1 que iniciar sesi\u00f3n para ser identificado.<\/li><li>Verificar si el usuario est\u00e1 autorizado para acceder a ciertos servicios, por ejemplo, para participar en un concurso.<\/li><\/ul><p><strong>Cookies Anal\u00edticas:<\/strong> Cada vez que un usuario visita un servicio, una herramienta de un proveedor externo (Google Analytics, Comscore y similares, que pueden a\u00f1adirse a esta lista si var\u00edan de las actuales) genera una cookie anal\u00edtica en el ordenador del usuario. Esta cookie, que solo se genera durante la visita, servir\u00e1 en visitas futuras a los Servicios Web para identificar al visitante de manera an\u00f3nima. Los principales objetivos que se persiguen son:<\/p><ul><li>Permitir la identificaci\u00f3n an\u00f3nima de los usuarios de navegaci\u00f3n a trav\u00e9s de la \u00abCookie\u00bb (identificando navegadores y dispositivos, no personas) y por lo tanto el conteo aproximado del n\u00famero de visitantes y su tendencia en el tiempo.<\/li><li>Identificar de manera an\u00f3nima los contenidos m\u00e1s visitados y, por lo tanto, m\u00e1s atractivos para los usuarios.<\/li><li>Saber si el usuario que accede es nuevo o un visitante recurrente. Importante: A menos que el usuario decida registrarse en un servicio Web, la \u00abCookie\u00bb nunca se asociar\u00e1 con ninguna informaci\u00f3n de identificaci\u00f3n personal. Dichas cookies solo se utilizar\u00e1n con fines estad\u00edsticos para ayudar a optimizar la experiencia del usuario en el sitio.<\/li><\/ul><p><strong>Desactivaci\u00f3n de Cookies<\/strong><\/p><ul><li>Puedes permitir, bloquear o eliminar las cookies instaladas en tu computadora configurando las opciones del navegador instalado en tu computadora.<\/li><li>La mayor\u00eda de los navegadores web ofrecen la posibilidad de permitir, bloquear o eliminar cookies instaladas en tu computadora.<\/li><\/ul><p>A continuaci\u00f3n, puedes acceder a la configuraci\u00f3n de los navegadores web m\u00e1s comunes para aceptar, instalar o desactivar cookies:<\/p><p><a href=\"https:\/\/support.google.com\/accounts\/answer\/61416?hl=es&amp;co=GENIE.Platform%3DDesktop\">Configurar las cookies en Google Chrome<\/a><\/p><p><a href=\"https:\/\/support.microsoft.com\/es-es\/windows\/administrar-cookies-en-microsoft-edge-ver-permitir-bloquear-eliminar-y-usar-168dab11-0753-043d-7c16-ede5947fc64d\">Configurar las cookies en Microsoft Internet Explorer\u00a0<\/a><\/p><p><a href=\"https:\/\/support.mozilla.org\/es\/questions\/1287973\">Configurar las cookies en Mozilla Firefox\u00a0<\/a><\/p><p><a href=\"https:\/\/support.apple.com\/es-es\/guide\/safari\/ibrw850f6c51\/mac\">Configurar las cookies en Safari (Apple)\u00a0<\/a><\/p><p><strong>Advertencia sobre la Eliminaci\u00f3n de Cookies<\/strong><\/p><p>Puedes eliminar y bloquear todas las cookies de este sitio, pero algunas partes del sitio pueden no funcionar o la calidad de la p\u00e1gina web puede verse afectada.<\/p><p>Si tienes alguna duda sobre la pol\u00edtica de cookies, puedes contactar con este sitio web a trav\u00e9s de los canales de contacto.<\/p>\t\t\t\t\t\t<\/div>\n\t\t\t\t<\/div>\n\t\t\t\t\t<\/div>\n\t\t<\/div>\n\t\t\t\t\t<\/div>\n\t\t<\/section>\n\t\t\t\t<\/div>\n\t\t","protected":false},"excerpt":{"rendered":"<p>Este sitio web utiliza cookies. Las cookies son archivos enviados a un navegador a trav\u00e9s de un servidor web para registrar las actividades del usuario en un sitio web espec\u00edfico.&hellip;<\/p>\n","protected":false},"author":1,"featured_media":0,"parent":0,"menu_order":0,"comment_status":"closed","ping_status":"closed","template":"","meta":{"footnotes":""},"class_list":["post-18943","page","type-page","status-publish","hentry"],"yoast_head":"<!-- This site is optimized with the Yoast SEO plugin v27.3 - https:\/\/yoast.com\/product\/yoast-seo-wordpress\/ -->\n<title>Pol\u00edtica de cookies - Eol Sailing Barcelona<\/title>\n<meta name=\"robots\" content=\"index, follow, max-snippet:-1, max-image-preview:large, max-video-preview:-1\" \/>\n<link rel=\"canonical\" href=\"https:\/\/eolsailingbarcelona.com\/es\/politica-de-cookies\/\" \/>\n<meta property=\"og:locale\" content=\"es_ES\" \/>\n<meta property=\"og:type\" content=\"article\" \/>\n<meta property=\"og:title\" content=\"Pol\u00edtica de cookies - Eol Sailing Barcelona\" \/>\n<meta property=\"og:description\" content=\"Este sitio web utiliza cookies. Las cookies son archivos enviados a un navegador a trav\u00e9s de un servidor web para registrar las actividades del usuario en un sitio web espec\u00edfico.&hellip;\" \/>\n<meta property=\"og:url\" content=\"https:\/\/eolsailingbarcelona.com\/es\/politica-de-cookies\/\" \/>\n<meta property=\"og:site_name\" content=\"Eol Sailing Barcelona\" \/>\n<meta property=\"article:modified_time\" content=\"2024-09-09T09:59:51+00:00\" \/>\n<meta name=\"twitter:card\" content=\"summary_large_image\" \/>\n<meta name=\"twitter:label1\" content=\"Tiempo de lectura\" \/>\n\t<meta name=\"twitter:data1\" content=\"4 minutos\" \/>\n<script type=\"application\/ld+json\" class=\"yoast-schema-graph\">{\"@context\":\"https:\\\/\\\/schema.org\",\"@graph\":[{\"@type\":\"WebPage\",\"@id\":\"https:\\\/\\\/eolsailingbarcelona.com\\\/es\\\/politica-de-cookies\\\/\",\"url\":\"https:\\\/\\\/eolsailingbarcelona.com\\\/es\\\/politica-de-cookies\\\/\",\"name\":\"Pol\u00edtica de cookies - Eol Sailing Barcelona\",\"isPartOf\":{\"@id\":\"https:\\\/\\\/eolsailingbarcelona.com\\\/#website\"},\"datePublished\":\"2024-07-05T16:44:30+00:00\",\"dateModified\":\"2024-09-09T09:59:51+00:00\",\"breadcrumb\":{\"@id\":\"https:\\\/\\\/eolsailingbarcelona.com\\\/es\\\/politica-de-cookies\\\/#breadcrumb\"},\"inLanguage\":\"es\",\"potentialAction\":[{\"@type\":\"ReadAction\",\"target\":[\"https:\\\/\\\/eolsailingbarcelona.com\\\/es\\\/politica-de-cookies\\\/\"]}]},{\"@type\":\"BreadcrumbList\",\"@id\":\"https:\\\/\\\/eolsailingbarcelona.com\\\/es\\\/politica-de-cookies\\\/#breadcrumb\",\"itemListElement\":[{\"@type\":\"ListItem\",\"position\":1,\"name\":\"Portada\",\"item\":\"https:\\\/\\\/eolsailingbarcelona.com\\\/es\\\/\"},{\"@type\":\"ListItem\",\"position\":2,\"name\":\"Pol\u00edtica de cookies\"}]},{\"@type\":\"WebSite\",\"@id\":\"https:\\\/\\\/eolsailingbarcelona.com\\\/#website\",\"url\":\"https:\\\/\\\/eolsailingbarcelona.com\\\/\",\"name\":\"Eol Sailing Barcelona\",\"description\":\"Professional sailing courses and private boating experiences with sailing instructors in Barcelona\",\"publisher\":{\"@id\":\"https:\\\/\\\/eolsailingbarcelona.com\\\/#organization\"},\"potentialAction\":[{\"@type\":\"SearchAction\",\"target\":{\"@type\":\"EntryPoint\",\"urlTemplate\":\"https:\\\/\\\/eolsailingbarcelona.com\\\/?s={search_term_string}\"},\"query-input\":{\"@type\":\"PropertyValueSpecification\",\"valueRequired\":true,\"valueName\":\"search_term_string\"}}],\"inLanguage\":\"es\"},{\"@type\":\"Organization\",\"@id\":\"https:\\\/\\\/eolsailingbarcelona.com\\\/#organization\",\"name\":\"Eol Sailing Barcelona\",\"url\":\"https:\\\/\\\/eolsailingbarcelona.com\\\/\",\"logo\":{\"@type\":\"ImageObject\",\"inLanguage\":\"es\",\"@id\":\"https:\\\/\\\/eolsailingbarcelona.com\\\/#\\\/schema\\\/logo\\\/image\\\/\",\"url\":\"https:\\\/\\\/eolsailingbarcelona.com\\\/wp-content\\\/uploads\\\/2021\\\/05\\\/RIccardo-EOL-Sailing-03.png\",\"contentUrl\":\"https:\\\/\\\/eolsailingbarcelona.com\\\/wp-content\\\/uploads\\\/2021\\\/05\\\/RIccardo-EOL-Sailing-03.png\",\"width\":2084,\"height\":625,\"caption\":\"Eol Sailing Barcelona\"},\"image\":{\"@id\":\"https:\\\/\\\/eolsailingbarcelona.com\\\/#\\\/schema\\\/logo\\\/image\\\/\"}}]}<\/script>\n<!-- \/ Yoast SEO plugin. -->","yoast_head_json":{"title":"Pol\u00edtica de cookies - Eol Sailing Barcelona","robots":{"index":"index","follow":"follow","max-snippet":"max-snippet:-1","max-image-preview":"max-image-preview:large","max-video-preview":"max-video-preview:-1"},"canonical":"https:\/\/eolsailingbarcelona.com\/es\/politica-de-cookies\/","og_locale":"es_ES","og_type":"article","og_title":"Pol\u00edtica de cookies - Eol Sailing Barcelona","og_description":"Este sitio web utiliza cookies. Las cookies son archivos enviados a un navegador a trav\u00e9s de un servidor web para registrar las actividades del usuario en un sitio web espec\u00edfico.&hellip;","og_url":"https:\/\/eolsailingbarcelona.com\/es\/politica-de-cookies\/","og_site_name":"Eol Sailing Barcelona","article_modified_time":"2024-09-09T09:59:51+00:00","twitter_card":"summary_large_image","twitter_misc":{"Tiempo de lectura":"4 minutos"},"schema":{"@context":"https:\/\/schema.org","@graph":[{"@type":"WebPage","@id":"https:\/\/eolsailingbarcelona.com\/es\/politica-de-cookies\/","url":"https:\/\/eolsailingbarcelona.com\/es\/politica-de-cookies\/","name":"Pol\u00edtica de cookies - Eol Sailing Barcelona","isPartOf":{"@id":"https:\/\/eolsailingbarcelona.com\/#website"},"datePublished":"2024-07-05T16:44:30+00:00","dateModified":"2024-09-09T09:59:51+00:00","breadcrumb":{"@id":"https:\/\/eolsailingbarcelona.com\/es\/politica-de-cookies\/#breadcrumb"},"inLanguage":"es","potentialAction":[{"@type":"ReadAction","target":["https:\/\/eolsailingbarcelona.com\/es\/politica-de-cookies\/"]}]},{"@type":"BreadcrumbList","@id":"https:\/\/eolsailingbarcelona.com\/es\/politica-de-cookies\/#breadcrumb","itemListElement":[{"@type":"ListItem","position":1,"name":"Portada","item":"https:\/\/eolsailingbarcelona.com\/es\/"},{"@type":"ListItem","position":2,"name":"Pol\u00edtica de cookies"}]},{"@type":"WebSite","@id":"https:\/\/eolsailingbarcelona.com\/#website","url":"https:\/\/eolsailingbarcelona.com\/","name":"Eol Sailing Barcelona","description":"Professional sailing courses and private boating experiences with sailing instructors in Barcelona","publisher":{"@id":"https:\/\/eolsailingbarcelona.com\/#organization"},"potentialAction":[{"@type":"SearchAction","target":{"@type":"EntryPoint","urlTemplate":"https:\/\/eolsailingbarcelona.com\/?s={search_term_string}"},"query-input":{"@type":"PropertyValueSpecification","valueRequired":true,"valueName":"search_term_string"}}],"inLanguage":"es"},{"@type":"Organization","@id":"https:\/\/eolsailingbarcelona.com\/#organization","name":"Eol Sailing Barcelona","url":"https:\/\/eolsailingbarcelona.com\/","logo":{"@type":"ImageObject","inLanguage":"es","@id":"https:\/\/eolsailingbarcelona.com\/#\/schema\/logo\/image\/","url":"https:\/\/eolsailingbarcelona.com\/wp-content\/uploads\/2021\/05\/RIccardo-EOL-Sailing-03.png","contentUrl":"https:\/\/eolsailingbarcelona.com\/wp-content\/uploads\/2021\/05\/RIccardo-EOL-Sailing-03.png","width":2084,"height":625,"caption":"Eol Sailing Barcelona"},"image":{"@id":"https:\/\/eolsailingbarcelona.com\/#\/schema\/logo\/image\/"}}]}},"_links":{"self":[{"href":"https:\/\/eolsailingbarcelona.com\/es\/wp-json\/wp\/v2\/pages\/18943","targetHints":{"allow":["GET"]}}],"collection":[{"href":"https:\/\/eolsailingbarcelona.com\/es\/wp-json\/wp\/v2\/pages"}],"about":[{"href":"https:\/\/eolsailingbarcelona.com\/es\/wp-json\/wp\/v2\/types\/page"}],"author":[{"embeddable":true,"href":"https:\/\/eolsailingbarcelona.com\/es\/wp-json\/wp\/v2\/users\/1"}],"replies":[{"embeddable":true,"href":"https:\/\/eolsailingbarcelona.com\/es\/wp-json\/wp\/v2\/comments?post=18943"}],"version-history":[{"count":10,"href":"https:\/\/eolsailingbarcelona.com\/es\/wp-json\/wp\/v2\/pages\/18943\/revisions"}],"predecessor-version":[{"id":19040,"href":"https:\/\/eolsailingbarcelona.com\/es\/wp-json\/wp\/v2\/pages\/18943\/revisions\/19040"}],"wp:attachment":[{"href":"https:\/\/eolsailingbarcelona.com\/es\/wp-json\/wp\/v2\/media?parent=18943"}],"curies":[{"name":"wp","href":"https:\/\/api.w.org\/{rel}","templated":true}]}}