{"id":18949,"date":"2021-05-13T08:23:10","date_gmt":"2021-05-13T08:23:10","guid":{"rendered":"https:\/\/eolsailingbarcelona.com\/privacy-policy\/"},"modified":"2024-09-12T13:04:54","modified_gmt":"2024-09-12T11:04:54","slug":"politica-de-privacidad","status":"publish","type":"page","link":"https:\/\/eolsailingbarcelona.com\/es\/politica-de-privacidad\/","title":{"rendered":"Pol\u00edtica de Privacidad"},"content":{"rendered":"\t\t<div data-elementor-type=\"wp-page\" data-elementor-id=\"18949\" class=\"elementor elementor-18949\">\n\t\t\t\t\t\t<section class=\"elementor-section elementor-top-section elementor-element elementor-element-6270b612 elementor-section-boxed elementor-section-height-default elementor-section-height-default sc_fly_static\" data-id=\"6270b612\" data-element_type=\"section\" data-settings=\"{&quot;background_background&quot;:&quot;classic&quot;}\">\n\t\t\t\t\t\t<div class=\"elementor-container elementor-column-gap-extended\">\n\t\t\t\t\t<div class=\"elementor-column elementor-col-100 elementor-top-column elementor-element elementor-element-69230226 sc_inner_width_none sc_content_align_inherit sc_layouts_column_icons_position_left sc_fly_static\" data-id=\"69230226\" data-element_type=\"column\">\n\t\t\t<div class=\"elementor-widget-wrap elementor-element-populated\">\n\t\t\t\t\t\t<div class=\"elementor-element elementor-element-b0a055b sc_fly_static elementor-widget elementor-widget-text-editor\" data-id=\"b0a055b\" data-element_type=\"widget\" data-widget_type=\"text-editor.default\">\n\t\t\t\t<div class=\"elementor-widget-container\">\n\t\t\t\t\t\t\t<p>1. <strong>Pol\u00edtica de Privacidad<\/strong><\/p><p>EOL Sailing informa a los usuarios del sitio web sobre su pol\u00edtica respecto al tratamiento y protecci\u00f3n de los datos personales de los usuarios y clientes que puedan ser recogidos a trav\u00e9s de la navegaci\u00f3n o la contrataci\u00f3n de servicios a trav\u00e9s de su sitio web. En este sentido, EOL Sailing garantiza el cumplimiento de la normativa vigente en materia de protecci\u00f3n de datos personales, tal como se refleja en la Ley Org\u00e1nica 15\/1999, de 13 de diciembre, de Protecci\u00f3n de Datos de Car\u00e1cter Personal, y en el Real Decreto 1720\/2007, de 21 de diciembre, por el que se aprueba el Reglamento de desarrollo de la LOPD. El uso de este sitio web implica la aceptaci\u00f3n de esta pol\u00edtica de privacidad.<\/p><p>2. <strong>Recogida, Prop\u00f3sito y Tratamiento de Datos<\/strong><\/p><p>EOL Sailing tiene el deber de informar a los usuarios de su sitio web sobre la recogida de datos personales que pueda llevarse a cabo, ya sea a trav\u00e9s del correo electr\u00f3nico o mediante el cumplimentado de los formularios incluidos en el sitio web. En este sentido, EOL Sailing ser\u00e1 considerada responsable de los datos recogidos a trav\u00e9s de los medios mencionados. EOL Sailing tambi\u00e9n informa a los usuarios que el prop\u00f3sito del tratamiento de los datos recogidos incluye: atender las solicitudes realizadas por los usuarios, inclusi\u00f3n en la lista de contactos, prestaci\u00f3n de servicios, gesti\u00f3n de la relaci\u00f3n comercial). Las operaciones, procedimientos y procesos t\u00e9cnicos realizados, ya sean automatizados o no, que permiten la recogida, almacenamiento, modificaci\u00f3n, transferencia y otras acciones sobre los datos personales, se consideran tratamiento de datos personales. Todos los datos personales recogidos a trav\u00e9s del sitio web de EOL Sailing, y por tanto considerados tratamiento de datos personales, se incluir\u00e1n en los ficheros declarados ante la Agencia Espa\u00f1ola de Protecci\u00f3n de Datos por EOL Sailing.<\/p><p>3.<strong> Comunicaci\u00f3n de Informaci\u00f3n a Terceros<\/strong><\/p><p>EOL Sailing informa a los usuarios que sus datos personales no ser\u00e1n transferidos a terceros, salvo cuando dicha transferencia est\u00e9 amparada por una obligaci\u00f3n legal o cuando la prestaci\u00f3n de un servicio implique la necesidad de una relaci\u00f3n contractual con un encargado del tratamiento. En este \u00faltimo caso, los datos solo se transferir\u00e1n a un tercero cuando EOL Sailing cuente con el consentimiento expreso del usuario.<\/p><p>4. <strong>Derechos del Usuario<\/strong><\/p><p>Este modelo de documento es proporcionado por INCIBE de forma completamente gratuita. INCIBE no se responsabiliza de su uso. Este documento es un modelo orientativo proporcionado gratuitamente por INCIBE. INCIBE no se responsabiliza de su uso. INCIBE recomienda consultar a profesionales especializados en Derecho Tecnol\u00f3gico para la redacci\u00f3n personalizada de contratos y documentos legales. La Ley Org\u00e1nica 15\/1999, de 13 de diciembre, de Protecci\u00f3n de Datos de Car\u00e1cter Personal concede a los interesados la posibilidad de ejercer una serie de derechos relacionados con el tratamiento de sus datos personales. Mientras los datos del usuario sean tratados por EOL Sailing, los usuarios podr\u00e1n ejercer los derechos de acceso, rectificaci\u00f3n, cancelaci\u00f3n y oposici\u00f3n de conformidad con lo dispuesto en la normativa legal vigente sobre protecci\u00f3n de datos personales. Para ejercer estos derechos, el usuario deber\u00e1 presentar una comunicaci\u00f3n escrita, aportando documentaci\u00f3n que acredite su identidad (DNI o pasaporte), a la siguiente direcci\u00f3n:EOL Sailing, Calle Joan Blanques 61, 2-2 &#8211; 08024, Ciudad: Barcelona, Provincia: Barcelona, o a la direcci\u00f3n sustituida en el Registro General de Protecci\u00f3n de Datos. Esta comunicaci\u00f3n debe reflejar la siguiente informaci\u00f3n: Nombre y apellidos del usuario, la solicitud de aplicaci\u00f3n, la direcci\u00f3n y datos acreditativos. El ejercicio de los derechos debe ser realizado por el usuario. No obstante, podr\u00e1n ser ejecutados por una persona autorizada como representante legal del interesado. En tal caso, se deber\u00e1 proporcionar documentaci\u00f3n que acredite esta representaci\u00f3n del interesado.<\/p>\t\t\t\t\t\t<\/div>\n\t\t\t\t<\/div>\n\t\t\t\t\t<\/div>\n\t\t<\/div>\n\t\t\t\t\t<\/div>\n\t\t<\/section>\n\t\t\t\t<\/div>\n\t\t","protected":false},"excerpt":{"rendered":"<p>1. Pol\u00edtica de Privacidad EOL Sailing informa a los usuarios del sitio web sobre su pol\u00edtica respecto al tratamiento y protecci\u00f3n de los datos personales de los usuarios y clientes&hellip;<\/p>\n","protected":false},"author":1,"featured_media":0,"parent":0,"menu_order":0,"comment_status":"closed","ping_status":"closed","template":"","meta":{"footnotes":""},"class_list":["post-18949","page","type-page","status-publish","hentry"],"yoast_head":"<!-- This site is optimized with the Yoast SEO plugin v27.3 - https:\/\/yoast.com\/product\/yoast-seo-wordpress\/ -->\n<title>Pol\u00edtica de Privacidad - Eol Sailing Barcelona<\/title>\n<meta name=\"robots\" content=\"index, follow, max-snippet:-1, max-image-preview:large, max-video-preview:-1\" \/>\n<link rel=\"canonical\" href=\"https:\/\/eolsailingbarcelona.com\/es\/politica-de-privacidad\/\" \/>\n<meta property=\"og:locale\" content=\"es_ES\" \/>\n<meta property=\"og:type\" content=\"article\" \/>\n<meta property=\"og:title\" content=\"Pol\u00edtica de Privacidad - Eol Sailing Barcelona\" \/>\n<meta property=\"og:description\" content=\"1. Pol\u00edtica de Privacidad EOL Sailing informa a los usuarios del sitio web sobre su pol\u00edtica respecto al tratamiento y protecci\u00f3n de los datos personales de los usuarios y clientes&hellip;\" \/>\n<meta property=\"og:url\" content=\"https:\/\/eolsailingbarcelona.com\/es\/politica-de-privacidad\/\" \/>\n<meta property=\"og:site_name\" content=\"Eol Sailing Barcelona\" \/>\n<meta property=\"article:modified_time\" content=\"2024-09-12T11:04:54+00:00\" \/>\n<meta name=\"twitter:card\" content=\"summary_large_image\" \/>\n<meta name=\"twitter:label1\" content=\"Tiempo de lectura\" \/>\n\t<meta name=\"twitter:data1\" content=\"3 minutos\" \/>\n<script type=\"application\/ld+json\" class=\"yoast-schema-graph\">{\"@context\":\"https:\\\/\\\/schema.org\",\"@graph\":[{\"@type\":\"WebPage\",\"@id\":\"https:\\\/\\\/eolsailingbarcelona.com\\\/es\\\/politica-de-privacidad\\\/\",\"url\":\"https:\\\/\\\/eolsailingbarcelona.com\\\/es\\\/politica-de-privacidad\\\/\",\"name\":\"Pol\u00edtica de Privacidad - Eol Sailing Barcelona\",\"isPartOf\":{\"@id\":\"https:\\\/\\\/eolsailingbarcelona.com\\\/#website\"},\"datePublished\":\"2021-05-13T08:23:10+00:00\",\"dateModified\":\"2024-09-12T11:04:54+00:00\",\"breadcrumb\":{\"@id\":\"https:\\\/\\\/eolsailingbarcelona.com\\\/es\\\/politica-de-privacidad\\\/#breadcrumb\"},\"inLanguage\":\"es\",\"potentialAction\":[{\"@type\":\"ReadAction\",\"target\":[\"https:\\\/\\\/eolsailingbarcelona.com\\\/es\\\/politica-de-privacidad\\\/\"]}]},{\"@type\":\"BreadcrumbList\",\"@id\":\"https:\\\/\\\/eolsailingbarcelona.com\\\/es\\\/politica-de-privacidad\\\/#breadcrumb\",\"itemListElement\":[{\"@type\":\"ListItem\",\"position\":1,\"name\":\"Portada\",\"item\":\"https:\\\/\\\/eolsailingbarcelona.com\\\/es\\\/\"},{\"@type\":\"ListItem\",\"position\":2,\"name\":\"Pol\u00edtica de Privacidad\"}]},{\"@type\":\"WebSite\",\"@id\":\"https:\\\/\\\/eolsailingbarcelona.com\\\/#website\",\"url\":\"https:\\\/\\\/eolsailingbarcelona.com\\\/\",\"name\":\"Eol Sailing Barcelona\",\"description\":\"Professional sailing courses and private boating experiences with sailing instructors in Barcelona\",\"publisher\":{\"@id\":\"https:\\\/\\\/eolsailingbarcelona.com\\\/#organization\"},\"potentialAction\":[{\"@type\":\"SearchAction\",\"target\":{\"@type\":\"EntryPoint\",\"urlTemplate\":\"https:\\\/\\\/eolsailingbarcelona.com\\\/?s={search_term_string}\"},\"query-input\":{\"@type\":\"PropertyValueSpecification\",\"valueRequired\":true,\"valueName\":\"search_term_string\"}}],\"inLanguage\":\"es\"},{\"@type\":\"Organization\",\"@id\":\"https:\\\/\\\/eolsailingbarcelona.com\\\/#organization\",\"name\":\"Eol Sailing Barcelona\",\"url\":\"https:\\\/\\\/eolsailingbarcelona.com\\\/\",\"logo\":{\"@type\":\"ImageObject\",\"inLanguage\":\"es\",\"@id\":\"https:\\\/\\\/eolsailingbarcelona.com\\\/#\\\/schema\\\/logo\\\/image\\\/\",\"url\":\"https:\\\/\\\/eolsailingbarcelona.com\\\/wp-content\\\/uploads\\\/2021\\\/05\\\/RIccardo-EOL-Sailing-03.png\",\"contentUrl\":\"https:\\\/\\\/eolsailingbarcelona.com\\\/wp-content\\\/uploads\\\/2021\\\/05\\\/RIccardo-EOL-Sailing-03.png\",\"width\":2084,\"height\":625,\"caption\":\"Eol Sailing Barcelona\"},\"image\":{\"@id\":\"https:\\\/\\\/eolsailingbarcelona.com\\\/#\\\/schema\\\/logo\\\/image\\\/\"}}]}<\/script>\n<!-- \/ Yoast SEO plugin. -->","yoast_head_json":{"title":"Pol\u00edtica de Privacidad - Eol Sailing Barcelona","robots":{"index":"index","follow":"follow","max-snippet":"max-snippet:-1","max-image-preview":"max-image-preview:large","max-video-preview":"max-video-preview:-1"},"canonical":"https:\/\/eolsailingbarcelona.com\/es\/politica-de-privacidad\/","og_locale":"es_ES","og_type":"article","og_title":"Pol\u00edtica de Privacidad - Eol Sailing Barcelona","og_description":"1. Pol\u00edtica de Privacidad EOL Sailing informa a los usuarios del sitio web sobre su pol\u00edtica respecto al tratamiento y protecci\u00f3n de los datos personales de los usuarios y clientes&hellip;","og_url":"https:\/\/eolsailingbarcelona.com\/es\/politica-de-privacidad\/","og_site_name":"Eol Sailing Barcelona","article_modified_time":"2024-09-12T11:04:54+00:00","twitter_card":"summary_large_image","twitter_misc":{"Tiempo de lectura":"3 minutos"},"schema":{"@context":"https:\/\/schema.org","@graph":[{"@type":"WebPage","@id":"https:\/\/eolsailingbarcelona.com\/es\/politica-de-privacidad\/","url":"https:\/\/eolsailingbarcelona.com\/es\/politica-de-privacidad\/","name":"Pol\u00edtica de Privacidad - Eol Sailing Barcelona","isPartOf":{"@id":"https:\/\/eolsailingbarcelona.com\/#website"},"datePublished":"2021-05-13T08:23:10+00:00","dateModified":"2024-09-12T11:04:54+00:00","breadcrumb":{"@id":"https:\/\/eolsailingbarcelona.com\/es\/politica-de-privacidad\/#breadcrumb"},"inLanguage":"es","potentialAction":[{"@type":"ReadAction","target":["https:\/\/eolsailingbarcelona.com\/es\/politica-de-privacidad\/"]}]},{"@type":"BreadcrumbList","@id":"https:\/\/eolsailingbarcelona.com\/es\/politica-de-privacidad\/#breadcrumb","itemListElement":[{"@type":"ListItem","position":1,"name":"Portada","item":"https:\/\/eolsailingbarcelona.com\/es\/"},{"@type":"ListItem","position":2,"name":"Pol\u00edtica de Privacidad"}]},{"@type":"WebSite","@id":"https:\/\/eolsailingbarcelona.com\/#website","url":"https:\/\/eolsailingbarcelona.com\/","name":"Eol Sailing Barcelona","description":"Professional sailing courses and private boating experiences with sailing instructors in Barcelona","publisher":{"@id":"https:\/\/eolsailingbarcelona.com\/#organization"},"potentialAction":[{"@type":"SearchAction","target":{"@type":"EntryPoint","urlTemplate":"https:\/\/eolsailingbarcelona.com\/?s={search_term_string}"},"query-input":{"@type":"PropertyValueSpecification","valueRequired":true,"valueName":"search_term_string"}}],"inLanguage":"es"},{"@type":"Organization","@id":"https:\/\/eolsailingbarcelona.com\/#organization","name":"Eol Sailing Barcelona","url":"https:\/\/eolsailingbarcelona.com\/","logo":{"@type":"ImageObject","inLanguage":"es","@id":"https:\/\/eolsailingbarcelona.com\/#\/schema\/logo\/image\/","url":"https:\/\/eolsailingbarcelona.com\/wp-content\/uploads\/2021\/05\/RIccardo-EOL-Sailing-03.png","contentUrl":"https:\/\/eolsailingbarcelona.com\/wp-content\/uploads\/2021\/05\/RIccardo-EOL-Sailing-03.png","width":2084,"height":625,"caption":"Eol Sailing Barcelona"},"image":{"@id":"https:\/\/eolsailingbarcelona.com\/#\/schema\/logo\/image\/"}}]}},"_links":{"self":[{"href":"https:\/\/eolsailingbarcelona.com\/es\/wp-json\/wp\/v2\/pages\/18949","targetHints":{"allow":["GET"]}}],"collection":[{"href":"https:\/\/eolsailingbarcelona.com\/es\/wp-json\/wp\/v2\/pages"}],"about":[{"href":"https:\/\/eolsailingbarcelona.com\/es\/wp-json\/wp\/v2\/types\/page"}],"author":[{"embeddable":true,"href":"https:\/\/eolsailingbarcelona.com\/es\/wp-json\/wp\/v2\/users\/1"}],"replies":[{"embeddable":true,"href":"https:\/\/eolsailingbarcelona.com\/es\/wp-json\/wp\/v2\/comments?post=18949"}],"version-history":[{"count":8,"href":"https:\/\/eolsailingbarcelona.com\/es\/wp-json\/wp\/v2\/pages\/18949\/revisions"}],"predecessor-version":[{"id":19156,"href":"https:\/\/eolsailingbarcelona.com\/es\/wp-json\/wp\/v2\/pages\/18949\/revisions\/19156"}],"wp:attachment":[{"href":"https:\/\/eolsailingbarcelona.com\/es\/wp-json\/wp\/v2\/media?parent=18949"}],"curies":[{"name":"wp","href":"https:\/\/api.w.org\/{rel}","templated":true}]}}